{"id":713,"date":"2024-03-04T22:06:38","date_gmt":"2024-03-04T20:06:38","guid":{"rendered":"https:\/\/www.wirliebenpoenitz.de\/?page_id=713"},"modified":"2025-04-29T20:46:13","modified_gmt":"2025-04-29T18:46:13","slug":"poenitzer-ferienregelung-2024","status":"publish","type":"page","link":"https:\/\/www.wirliebenpoenitz.de\/?page_id=713","title":{"rendered":"P\u00f6nitzer Ferienregelung 2025"},"content":{"rendered":"\n<p><\/p>\n\n\n\n<ol class=\"wp-block-list\">\n<li>Das Saubermachen des Hauses \u00fcbernimmt Regina, sie wohnt in Niendorf. Die Kosten betragen 80,00 Euro und werden in das G\u00e4stebuch in die Diele gelegt.<\/li>\n\n\n\n<li>Der Besucherwechsel findet am Samstag statt zwischen 11.00 Uhr und 16.00 Uhr. In der Zwischenzeit kann Regina das Haus reinigen. Bitte mit ihr Kontakt aufnehmen, wenn ihr eine andere Zeit vereinbaren m\u00f6chtet.<\/li>\n\n\n\n<li>Den Kamin reinigen und das Haus besenrein verlassen.<\/li>\n\n\n\n<li>F\u00fcr den Verbleib im Haus ist ein Unkostenbeitrag van 25,00 Euro pro Nacht zu bezahlen. \u00dcberweisen auf Konto IBAN DE06 2001 0020 0732 4182 04 von Michael Sehmer mit Nennung des Zeitraumes.<\/li>\n\n\n\n<li>Noch etwas ist zu beachten: die gelbe Tonne, sie wird einmal im Monat geleert und darf nur sauberes Verpackungsmaterial enthalten: Plastik, Yoghurtbecher, Milcht\u00fcten, KEIN KARTON, KEIN GLAS. Offen, nicht in einem Plastiksack in die M\u00fclltonne werfen. Keinen geschlossenen Sack in die gelbe Tonne werfen.<\/li>\n\n\n\n<li>Einmal pro Woche Rasen m\u00e4hen \u2026Wir sind jetzt stolze Besitzer eines elektrischen Rasenm\u00e4hers. Es gibt nur eine Batterie, gen\u00fcgend f\u00fcr unseren Garten oben. Das untere St\u00fcck bis zur Birke auch m\u00e4hen, da sich sonst kleine B\u00e4umchen im Gras breit machen. Wenn die Batterie aufgeladen ist aus der Auflade-Halterung nehmen. Wenn man nicht selber m\u00e4hen m\u00f6chte bitte Herrn Elvers fragen, er \u00fcbernimmt es f\u00fcr 30,00 Euro.<\/li>\n\n\n\n<li>Ansonsten wie jedes Jahr\u2026.genie\u00dfen, schwimmen, rennen, spielen, segeln, Fu\u00dfball spielen usw\u2026. und sorgt bitte gut f\u00fcr einander und f\u00fcrs Haus und verlasst es so wie ihr es selber auch antreffen m\u00f6chtet.<\/li>\n<\/ol>\n\n\n\n<p><br>Praktisch ist, um auch Kontakt mit den n\u00e4chsten Ferieng\u00e4sten aufzunehmen, ob das Boot im Wasser bleiben soll, die Tischtennisplatte drau\u00dfen und das Fussballtor auf dem Rasen\u2026.<\/p>\n\n\n\n<p>Regina : 0(0 49) 171 276 9069<\/p>\n\n\n\n<p><br>Familie Elvers: 0(0 49) 4524 703627<br><\/p>\n","protected":false},"excerpt":{"rendered":"<p>Praktisch ist, um auch Kontakt mit den n\u00e4chsten Ferieng\u00e4sten aufzunehmen, ob das Boot im Wasser bleiben soll, die Tischtennisplatte drau\u00dfen und das Fussballtor auf dem Rasen\u2026. Regina : 0(0 49) 171 276 9069 Familie Elvers: 0(0 49) 4524 703627<\/p>\n","protected":false},"author":2,"featured_media":0,"parent":0,"menu_order":0,"comment_status":"closed","ping_status":"closed","template":"","meta":{"_mc_calendar":[],"footnotes":""},"class_list":["post-713","page","type-page","status-publish","hentry"],"_links":{"self":[{"href":"https:\/\/www.wirliebenpoenitz.de\/index.php?rest_route=\/wp\/v2\/pages\/713","targetHints":{"allow":["GET"]}}],"collection":[{"href":"https:\/\/www.wirliebenpoenitz.de\/index.php?rest_route=\/wp\/v2\/pages"}],"about":[{"href":"https:\/\/www.wirliebenpoenitz.de\/index.php?rest_route=\/wp\/v2\/types\/page"}],"author":[{"embeddable":true,"href":"https:\/\/www.wirliebenpoenitz.de\/index.php?rest_route=\/wp\/v2\/users\/2"}],"replies":[{"embeddable":true,"href":"https:\/\/www.wirliebenpoenitz.de\/index.php?rest_route=%2Fwp%2Fv2%2Fcomments&post=713"}],"version-history":[{"count":2,"href":"https:\/\/www.wirliebenpoenitz.de\/index.php?rest_route=\/wp\/v2\/pages\/713\/revisions"}],"predecessor-version":[{"id":811,"href":"https:\/\/www.wirliebenpoenitz.de\/index.php?rest_route=\/wp\/v2\/pages\/713\/revisions\/811"}],"wp:attachment":[{"href":"https:\/\/www.wirliebenpoenitz.de\/index.php?rest_route=%2Fwp%2Fv2%2Fmedia&parent=713"}],"curies":[{"name":"wp","href":"https:\/\/api.w.org\/{rel}","templated":true}]}}